{"id":8286,"date":"2015-03-12T14:59:47","date_gmt":"2015-03-12T13:59:47","guid":{"rendered":"http:\/\/linhof.com\/impressum-2\/"},"modified":"2022-11-25T19:15:24","modified_gmt":"2022-11-25T18:15:24","slug":"impressum","status":"publish","type":"page","link":"https:\/\/linhof.com\/en\/impressum\/","title":{"rendered":"Impressum"},"content":{"rendered":"<p><strong>Impressum<\/strong><br \/>\nAngaben gem. \u00a7 5 TMG<\/p>\n<p><b>Betreiber und Kontakt:<\/b><br \/>\nLinhof Pr\u00e4zisions-Systemtechnik GmbH<br \/>\nRupert-Mayer-Stra\u00dfe 45<br \/>\n81379 M\u00fcnchen<\/p>\n<p>Telefonnummer: +49 89 72492-0<br \/>\nFax: +49 89 72492-250<br \/>\nE-Mail-Adresse: info@linhof.de<\/p>\n<p>Ust-Id-Nr.: DE812620853<\/p>\n<p><b>Vertretung:<\/b><br \/>\nLinhof Pr\u00e4zisions-Systemtechnik GmbH wird vertreten durch Gesch\u00e4ftsf\u00fchrer Dipl.-Ing. Peter Bauernschmid<br \/>\nRegister und Registernummer: Amtsgericht M\u00fcnchen HRB 122812<\/p>\n<p><b>Bilder und Grafiken:<\/b><br \/>\nAngaben der Quelle f\u00fcr verwendetes Bilder- und Grafikmaterial: auf der entsprechenden Seite<br \/>\nAlle anderen Abbildungen: Linhof Pr\u00e4zisions-Systemtechnik GmbH und Barbara Wolff, <a href=\"http:\/\/www.barbarawolff.eu\" target=\"_blank\" rel=\"noopener\">www.barbarawolff.eu<\/a><\/p>\n","protected":false},"excerpt":{"rendered":"<p>Impressum Angaben gem. \u00a7 5 TMG Betreiber und Kontakt: Linhof Pr\u00e4zisions-Systemtechnik GmbH Rupert-Mayer-Stra\u00dfe 45 81379 M\u00fcnchen Telefonnummer: +49 89 72492-0 Fax: +49 89 72492-250 E-Mail-Adresse: info@linhof.de Ust-Id-Nr.: DE812620853 Vertretung: Linhof Pr\u00e4zisions-Systemtechnik GmbH wird vertreten durch Gesch\u00e4ftsf\u00fchrer Dipl.-Ing. Peter Bauernschmid Register und Registernummer: Amtsgericht M\u00fcnchen HRB 122812 Bilder und Grafiken: Angaben der Quelle f\u00fcr verwendetes Bilder-&#8230;<\/p>\n","protected":false},"author":1,"featured_media":0,"parent":0,"menu_order":0,"comment_status":"closed","ping_status":"open","template":"","meta":{"footnotes":""},"class_list":["post-8286","page","type-page","status-publish","hentry"],"aioseo_notices":[],"_links":{"self":[{"href":"https:\/\/linhof.com\/en\/wp-json\/wp\/v2\/pages\/8286","targetHints":{"allow":["GET"]}}],"collection":[{"href":"https:\/\/linhof.com\/en\/wp-json\/wp\/v2\/pages"}],"about":[{"href":"https:\/\/linhof.com\/en\/wp-json\/wp\/v2\/types\/page"}],"author":[{"embeddable":true,"href":"https:\/\/linhof.com\/en\/wp-json\/wp\/v2\/users\/1"}],"replies":[{"embeddable":true,"href":"https:\/\/linhof.com\/en\/wp-json\/wp\/v2\/comments?post=8286"}],"version-history":[{"count":5,"href":"https:\/\/linhof.com\/en\/wp-json\/wp\/v2\/pages\/8286\/revisions"}],"predecessor-version":[{"id":20130,"href":"https:\/\/linhof.com\/en\/wp-json\/wp\/v2\/pages\/8286\/revisions\/20130"}],"wp:attachment":[{"href":"https:\/\/linhof.com\/en\/wp-json\/wp\/v2\/media?parent=8286"}],"curies":[{"name":"wp","href":"https:\/\/api.w.org\/{rel}","templated":true}]}}